{"id":79,"date":"2020-11-28T07:14:31","date_gmt":"2020-11-28T07:14:31","guid":{"rendered":"https:\/\/landsourcing.ma\/uvelly\/about\/"},"modified":"2026-03-14T02:57:31","modified_gmt":"2026-03-14T02:57:31","slug":"la-marca","status":"publish","type":"page","link":"https:\/\/landsourcing.ma\/uvelly\/la-marca\/","title":{"rendered":"La Marca"},"content":{"rendered":"\t\t<div data-elementor-type=\"wp-page\" data-elementor-id=\"79\" class=\"elementor elementor-79\">\n\t\t\t\t<div class=\"aux-parallax-section elementor-element elementor-element-ab631a6 e-flex e-con-boxed e-con e-parent\" data-id=\"ab631a6\" data-element_type=\"container\" data-e-type=\"container\">\n\t\t\t\t\t<div class=\"e-con-inner\">\n\t\t<div class=\"elementor-element elementor-element-0d4300b e-con-full e-flex e-con e-child\" data-id=\"0d4300b\" data-element_type=\"container\" data-e-type=\"container\">\n\t\t\t\t<div class=\"elementor-element elementor-element-8ae330a aux-appear-watch-animation aux-fade-in-up elementor-widget elementor-widget-aux_modern_heading\" data-id=\"8ae330a\" data-element_type=\"widget\" data-e-type=\"widget\" data-widget_type=\"aux_modern_heading.default\">\n\t\t\t\t<div class=\"elementor-widget-container\">\n\t\t\t\t\t<section class=\"aux-widget-modern-heading\">\n            <div class=\"aux-widget-inner\"><h5 class=\"aux-modern-heading-primary\">LA HISTORIA DE UVELLY<\/h5><h4 class=\"aux-modern-heading-secondary\"><span class=\"aux-head-before\">CALZADO QUE INSPIRA<\/span><\/h4><\/div>\n        <\/section>\t\t\t\t<\/div>\n\t\t\t\t<\/div>\n\t\t\t\t<div class=\"elementor-element elementor-element-49c3420 aux-appear-watch-animation aux-fade-in-up elementor-widget elementor-widget-aux_image\" data-id=\"49c3420\" data-element_type=\"widget\" data-e-type=\"widget\" data-widget_type=\"aux_image.default\">\n\t\t\t\t<div class=\"elementor-widget-container\">\n\t\t\t\t\t<section class=\"widget-container aux-widget-image aux-alignnone aux-parent-au84dec762\">\n    <div class=\"aux-media-hint-frame \">\n        <div class=\"aux-media-image \" >\n        \n            \n\n            \n            <img fetchpriority=\"high\" decoding=\"async\" width=\"1860\" height=\"844\" src=\"data:image\/gif;base64,R0lGODlhAQABAIAAAAAAAP\/\/\/yH5BAEAAAAALAAAAAABAAEAAAIBRAA7\" class=\"aux-attachment aux-featured-image aux-attachment-id-210 aux-preload aux-blank\" alt=\"Asset 10Uvelly\" data-ratio=\"2.2\" data-original-w=\"1860\" data-src=\"https:\/\/landsourcing.ma\/uvelly\/wp-content\/uploads\/2026\/03\/Asset-10Uvelly-e1773456150694.webp\" \/>            \n                <\/div>\n    <\/div>\n\n<\/section><!-- widget-container -->\t\t\t\t<\/div>\n\t\t\t\t<\/div>\n\t\t\t\t<\/div>\n\t\t\t\t\t<\/div>\n\t\t\t\t<\/div>\n\t\t<div class=\"aux-parallax-section elementor-element elementor-element-ef12c4c e-flex e-con-boxed e-con e-parent\" data-id=\"ef12c4c\" data-element_type=\"container\" data-e-type=\"container\">\n\t\t\t\t\t<div class=\"e-con-inner\">\n\t\t<div class=\"elementor-element elementor-element-6529d7b e-con-full e-flex e-con e-child\" data-id=\"6529d7b\" data-element_type=\"container\" data-e-type=\"container\">\n\t\t\t\t<div class=\"elementor-element elementor-element-5c5913a aux-appear-watch-animation aux-slide-from-bot elementor-widget__width-initial elementor-widget elementor-widget-heading\" data-id=\"5c5913a\" data-element_type=\"widget\" data-e-type=\"widget\" data-widget_type=\"heading.default\">\n\t\t\t\t<div class=\"elementor-widget-container\">\n\t\t\t\t\t<h3 class=\"elementor-heading-title elementor-size-default\">Estilo, Comodidad y Calidad<\/h3>\t\t\t\t<\/div>\n\t\t\t\t<\/div>\n\t\t\t\t<\/div>\n\t\t<div class=\"elementor-element elementor-element-47b024f e-con-full e-flex e-con e-child\" data-id=\"47b024f\" data-element_type=\"container\" data-e-type=\"container\">\n\t\t\t\t<div class=\"elementor-element elementor-element-46176ab aux-appear-watch-animation aux-fade-in elementor-widget__width-initial elementor-widget elementor-widget-text-editor\" data-id=\"46176ab\" data-element_type=\"widget\" data-e-type=\"widget\" data-widget_type=\"text-editor.default\">\n\t\t\t\t<div class=\"elementor-widget-container\">\n\t\t\t\t\t\t\t\t\t<p data-start=\"393\" data-end=\"533\">En UVELLY creemos que el calzado es mucho m\u00e1s que un complemento. Es una forma de expresar tu estilo y sentirte c\u00f3moda en cada paso del d\u00eda.<\/p>\t\t\t\t\t\t\t\t<\/div>\n\t\t\t\t<\/div>\n\t\t\t\t<\/div>\n\t\t<div class=\"elementor-element elementor-element-433e2e8 e-con-full e-flex e-con e-child\" data-id=\"433e2e8\" data-element_type=\"container\" data-e-type=\"container\">\n\t\t\t\t<div class=\"elementor-element elementor-element-e32f1dc aux-appear-watch-animation aux-fade-in elementor-widget elementor-widget-text-editor\" data-id=\"e32f1dc\" data-element_type=\"widget\" data-e-type=\"widget\" data-widget_type=\"text-editor.default\">\n\t\t\t\t<div class=\"elementor-widget-container\">\n\t\t\t\t\t\t\t\t\t<p data-start=\"923\" data-end=\"1073\">Nuestra misi\u00f3n es ofrecer calzado que puedas usar todos los d\u00edas, desde sandalias ligeras para el verano hasta botas elegantes para cualquier ocasi\u00f3n.<\/p>\t\t\t\t\t\t\t\t<\/div>\n\t\t\t\t<\/div>\n\t\t\t\t<\/div>\n\t\t\t\t\t<\/div>\n\t\t\t\t<\/div>\n\t\t<div class=\"aux-parallax-section elementor-element elementor-element-b9a3faa e-flex e-con-boxed e-con e-parent\" data-id=\"b9a3faa\" data-element_type=\"container\" data-e-type=\"container\">\n\t\t\t\t\t<div class=\"e-con-inner\">\n\t\t<div class=\"elementor-element elementor-element-eaec389 e-con-full e-flex e-con e-child\" data-id=\"eaec389\" data-element_type=\"container\" data-e-type=\"container\">\n\t\t\t\t<div class=\"elementor-element elementor-element-c743692 aux-appear-watch-animation aux-fade-in-left elementor-widget elementor-widget-aux_image\" data-id=\"c743692\" data-element_type=\"widget\" data-e-type=\"widget\" data-widget_type=\"aux_image.default\">\n\t\t\t\t<div class=\"elementor-widget-container\">\n\t\t\t\t\t<section class=\"widget-container aux-widget-image aux-alignnone aux-parent-au5b7e2cbe\">\n    <div class=\"aux-media-hint-frame \">\n        <div class=\"aux-media-image \" >\n        \n            \n\n            \n            <img decoding=\"async\" width=\"1466\" height=\"967\" src=\"data:image\/gif;base64,R0lGODlhAQABAIAAAAAAAP\/\/\/yH5BAEAAAAALAAAAAABAAEAAAIBRAA7\" class=\"aux-attachment aux-featured-image aux-attachment-id-209 aux-preload aux-blank\" alt=\"Asset 9Uvelly\" data-ratio=\"1.52\" data-original-w=\"1466\" data-src=\"https:\/\/landsourcing.ma\/uvelly\/wp-content\/uploads\/2026\/03\/Asset-9Uvelly.webp\" \/>            \n                <\/div>\n    <\/div>\n\n<\/section><!-- widget-container -->\t\t\t\t<\/div>\n\t\t\t\t<\/div>\n\t\t\t\t<\/div>\n\t\t<div class=\"elementor-element elementor-element-43920ed e-con-full e-flex e-con e-child\" data-id=\"43920ed\" data-element_type=\"container\" data-e-type=\"container\">\n\t\t\t\t<div class=\"elementor-element elementor-element-aff20c5 aux-appear-watch-animation aux-fade-in-up elementor-widget elementor-widget-aux_modern_heading\" data-id=\"aff20c5\" data-element_type=\"widget\" data-e-type=\"widget\" data-widget_type=\"aux_modern_heading.default\">\n\t\t\t\t<div class=\"elementor-widget-container\">\n\t\t\t\t\t<section class=\"aux-widget-modern-heading\">\n            <div class=\"aux-widget-inner\"><p class=\"aux-modern-heading-primary\">Sobre UVELLY<\/p><h3 class=\"aux-modern-heading-secondary\"><span class=\"aux-head-before\">Calzado Dise\u00f1ado Para Tu Estilo<\/span><\/h3><div class=\"aux-modern-heading-description\"><p data-start=\"1703\" data-end=\"1897\">En UVELLY buscamos ofrecer calzado moderno que combine tendencia, calidad y comodidad. Nuestra selecci\u00f3n est\u00e1 pensada para mujeres que quieren verse bien y sentirse c\u00f3modas en cualquier momento.<\/p><p data-start=\"1899\" data-end=\"1986\">Cada modelo es elegido cuidadosamente para ofrecer estilo y funcionalidad en cada paso.<\/p><\/div><\/div>\n        <\/section>\t\t\t\t<\/div>\n\t\t\t\t<\/div>\n\t\t<div class=\"elementor-element elementor-element-dd126e0 e-con-full e-flex e-con e-child\" data-id=\"dd126e0\" data-element_type=\"container\" data-e-type=\"container\">\n\t\t<div class=\"elementor-element elementor-element-734ea1b e-con-full e-flex e-con e-child\" data-id=\"734ea1b\" data-element_type=\"container\" data-e-type=\"container\">\n\t\t\t\t<div class=\"elementor-element elementor-element-d797baf aux-appear-watch-animation aux-scale-down elementor-widget elementor-widget-aux_counter\" data-id=\"d797baf\" data-element_type=\"widget\" data-e-type=\"widget\" data-widget_type=\"aux_counter.default\">\n\t\t\t\t<div class=\"elementor-widget-container\">\n\t\t\t\t\t\t\t<div class=\"aux-counter\">\n\t\t\t<div class=\"aux-counter-number-wrapper\">\n\t\t\t\t<span class=\"aux-counter-number-prefix\"><\/span>\n\t\t\t\t<span class=\"aux-counter-number\" data-duration=\"2000\" data-to-value=\"30\" data-from-value=\"0\" data-delay=\"0\" data-easing=\"\" data-delimiter=\",\">0<\/span>\n\t\t\t\t<span class=\"aux-counter-number-suffix\">+<\/span>\n\t\t\t<\/div>\n\t\t\t\t\t\t\t<div class=\"aux-counter-title\">Modelos<\/div>\n\t\t\t\t\t<\/div>\n\t\t\t\t\t\t<\/div>\n\t\t\t\t<\/div>\n\t\t\t\t<\/div>\n\t\t<div class=\"elementor-element elementor-element-6eddf19 e-con-full e-flex e-con e-child\" data-id=\"6eddf19\" data-element_type=\"container\" data-e-type=\"container\">\n\t\t\t\t<div class=\"elementor-element elementor-element-1604455 aux-appear-watch-animation aux-scale-down elementor-widget elementor-widget-aux_counter\" data-id=\"1604455\" data-element_type=\"widget\" data-e-type=\"widget\" data-widget_type=\"aux_counter.default\">\n\t\t\t\t<div class=\"elementor-widget-container\">\n\t\t\t\t\t\t\t<div class=\"aux-counter\">\n\t\t\t<div class=\"aux-counter-number-wrapper\">\n\t\t\t\t<span class=\"aux-counter-number-prefix\"><\/span>\n\t\t\t\t<span class=\"aux-counter-number\" data-duration=\"2000\" data-to-value=\"10\" data-from-value=\"0\" data-delay=\"0\" data-easing=\"\" data-delimiter=\",\">0<\/span>\n\t\t\t\t<span class=\"aux-counter-number-suffix\">K<\/span>\n\t\t\t<\/div>\n\t\t\t\t\t\t\t<div class=\"aux-counter-title\">Clientes Felices<\/div>\n\t\t\t\t\t<\/div>\n\t\t\t\t\t\t<\/div>\n\t\t\t\t<\/div>\n\t\t\t\t<\/div>\n\t\t<div class=\"elementor-element elementor-element-07c6c2f e-con-full e-flex e-con e-child\" data-id=\"07c6c2f\" data-element_type=\"container\" data-e-type=\"container\">\n\t\t\t\t<div class=\"elementor-element elementor-element-f187dfc aux-appear-watch-animation aux-scale-down elementor-widget elementor-widget-aux_counter\" data-id=\"f187dfc\" data-element_type=\"widget\" data-e-type=\"widget\" data-widget_type=\"aux_counter.default\">\n\t\t\t\t<div class=\"elementor-widget-container\">\n\t\t\t\t\t\t\t<div class=\"aux-counter\">\n\t\t\t<div class=\"aux-counter-number-wrapper\">\n\t\t\t\t<span class=\"aux-counter-number-prefix\"><\/span>\n\t\t\t\t<span class=\"aux-counter-number\" data-duration=\"2000\" data-to-value=\"6\" data-from-value=\"0\" data-delay=\"0\" data-easing=\"\" data-delimiter=\",\">0<\/span>\n\t\t\t\t<span class=\"aux-counter-number-suffix\">k<\/span>\n\t\t\t<\/div>\n\t\t\t\t\t\t\t<div class=\"aux-counter-title\">Env\u00edos en Espa\u00f1a<\/div>\n\t\t\t\t\t<\/div>\n\t\t\t\t\t\t<\/div>\n\t\t\t\t<\/div>\n\t\t\t\t<\/div>\n\t\t\t\t<\/div>\n\t\t\t\t<\/div>\n\t\t\t\t\t<\/div>\n\t\t\t\t<\/div>\n\t\t\t\t<\/div>\n\t\t","protected":false},"excerpt":{"rendered":"<p>LA HISTORIA DE UVELLY CALZADO QUE INSPIRA Estilo, Comodidad y Calidad En UVELLY creemos que el calzado es mucho m\u00e1s que un complemento. Es una forma de expresar tu estilo y sentirte c\u00f3moda en cada paso del d\u00eda. Nuestra misi\u00f3n es ofrecer calzado que puedas usar todos los d\u00edas, desde sandalias ligeras para el verano [&hellip;]<\/p>\n","protected":false},"author":1,"featured_media":0,"parent":0,"menu_order":0,"comment_status":"closed","ping_status":"closed","template":"templates\/page-builder-content.php","meta":{"footnotes":""},"class_list":["post-79","page","type-page","status-publish","hentry"],"_links":{"self":[{"href":"https:\/\/landsourcing.ma\/uvelly\/wp-json\/wp\/v2\/pages\/79","targetHints":{"allow":["GET"]}}],"collection":[{"href":"https:\/\/landsourcing.ma\/uvelly\/wp-json\/wp\/v2\/pages"}],"about":[{"href":"https:\/\/landsourcing.ma\/uvelly\/wp-json\/wp\/v2\/types\/page"}],"author":[{"embeddable":true,"href":"https:\/\/landsourcing.ma\/uvelly\/wp-json\/wp\/v2\/users\/1"}],"replies":[{"embeddable":true,"href":"https:\/\/landsourcing.ma\/uvelly\/wp-json\/wp\/v2\/comments?post=79"}],"version-history":[{"count":0,"href":"https:\/\/landsourcing.ma\/uvelly\/wp-json\/wp\/v2\/pages\/79\/revisions"}],"wp:attachment":[{"href":"https:\/\/landsourcing.ma\/uvelly\/wp-json\/wp\/v2\/media?parent=79"}],"curies":[{"name":"wp","href":"https:\/\/api.w.org\/{rel}","templated":true}]}}