{"id":459,"date":"2026-03-15T04:10:50","date_gmt":"2026-03-15T04:10:50","guid":{"rendered":"https:\/\/landsourcing.ma\/uvelly\/?post_type=product&#038;p=459"},"modified":"2026-03-22T16:12:38","modified_gmt":"2026-03-22T16:12:38","slug":"uvelly-selene","status":"publish","type":"product","link":"https:\/\/landsourcing.ma\/uvelly\/product\/uvelly-selene\/","title":{"rendered":"UVELLY Selene"},"content":{"rendered":"<div class=\"relative basis-auto flex-col -mb-(--composer-overlap-px) [--composer-overlap-px:28px] grow flex\">\n<div class=\"flex flex-col text-sm pb-25\">\n<article class=\"text-token-text-primary w-full focus:outline-none [--shadow-height:45px] has-data-writing-block:pointer-events-none has-data-writing-block:-mt-(--shadow-height) has-data-writing-block:pt-(--shadow-height) [&amp;:has([data-writing-block])&gt;*]:pointer-events-auto scroll-mt-[calc(var(--header-height)+min(200px,max(70px,20svh)))]\" dir=\"auto\" tabindex=\"-1\" data-turn-id=\"request-69b5ea72-2cb4-8332-8c2e-4b2c210924a3-1\" data-testid=\"conversation-turn-8\" data-scroll-anchor=\"true\" data-turn=\"assistant\">\n<div class=\"text-base my-auto mx-auto pb-10 [--thread-content-margin:var(--thread-content-margin-xs,calc(var(--spacing)*4))] @w-sm\/main:[--thread-content-margin:var(--thread-content-margin-sm,calc(var(--spacing)*6))] @w-lg\/main:[--thread-content-margin:var(--thread-content-margin-lg,calc(var(--spacing)*16))] px-(--thread-content-margin)\">\n<div class=\"[--thread-content-max-width:40rem] @w-lg\/main:[--thread-content-max-width:48rem] mx-auto max-w-(--thread-content-max-width) flex-1 group\/turn-messages focus-visible:outline-hidden relative flex w-full min-w-0 flex-col agent-turn\" tabindex=\"-1\">\n<div class=\"flex max-w-full flex-col gap-4 grow\">\n<div class=\"min-h-8 text-message relative flex w-full flex-col items-end gap-2 text-start break-words whitespace-normal [.text-message+&amp;]:mt-1\" dir=\"auto\" data-message-author-role=\"assistant\" data-message-id=\"4506c5a9-05f3-42ee-9de2-301123fe698c\" data-message-model-slug=\"gpt-5-3\">\n<div class=\"flex w-full flex-col gap-1 empty:hidden\">\n<div class=\"markdown prose dark:prose-invert w-full wrap-break-word dark markdown-new-styling\">\n<div class=\"flex flex-col text-sm pb-25\">\n<article class=\"text-token-text-primary w-full focus:outline-none [--shadow-height:45px] has-data-writing-block:pointer-events-none has-data-writing-block:-mt-(--shadow-height) has-data-writing-block:pt-(--shadow-height) [&amp;:has([data-writing-block])&gt;*]:pointer-events-auto scroll-mt-[calc(var(--header-height)+min(200px,max(70px,20svh)))]\" dir=\"auto\" tabindex=\"-1\" data-turn-id=\"request-69b5ea72-2cb4-8332-8c2e-4b2c210924a3-5\" data-testid=\"conversation-turn-16\" data-scroll-anchor=\"true\" data-turn=\"assistant\">\n<div class=\"text-base my-auto mx-auto pb-10 [--thread-content-margin:var(--thread-content-margin-xs,calc(var(--spacing)*4))] @w-sm\/main:[--thread-content-margin:var(--thread-content-margin-sm,calc(var(--spacing)*6))] @w-lg\/main:[--thread-content-margin:var(--thread-content-margin-lg,calc(var(--spacing)*16))] px-(--thread-content-margin)\">\n<div class=\"[--thread-content-max-width:40rem] @w-lg\/main:[--thread-content-max-width:48rem] mx-auto max-w-(--thread-content-max-width) flex-1 group\/turn-messages focus-visible:outline-hidden relative flex w-full min-w-0 flex-col agent-turn\" tabindex=\"-1\">\n<div class=\"flex max-w-full flex-col gap-4 grow\">\n<div class=\"min-h-8 text-message relative flex w-full flex-col items-end gap-2 text-start break-words whitespace-normal [.text-message+&amp;]:mt-1\" dir=\"auto\" data-message-author-role=\"assistant\" data-message-id=\"458317bc-b5ce-48c8-8f53-00101023566c\" data-message-model-slug=\"gpt-5-3\">\n<div class=\"flex w-full flex-col gap-1 empty:hidden\">\n<div class=\"markdown prose dark:prose-invert w-full wrap-break-word dark markdown-new-styling\">\n<div class=\"flex flex-col text-sm pb-25\">\n<article class=\"text-token-text-primary w-full focus:outline-none [--shadow-height:45px] has-data-writing-block:pointer-events-none has-data-writing-block:-mt-(--shadow-height) has-data-writing-block:pt-(--shadow-height) [&amp;:has([data-writing-block])&gt;*]:pointer-events-auto scroll-mt-[calc(var(--header-height)+min(200px,max(70px,20svh)))]\" dir=\"auto\" tabindex=\"-1\" data-turn-id=\"request-69b5ea72-2cb4-8332-8c2e-4b2c210924a3-16\" data-testid=\"conversation-turn-30\" data-scroll-anchor=\"true\" data-turn=\"assistant\">\n<div class=\"text-base my-auto mx-auto pb-10 [--thread-content-margin:var(--thread-content-margin-xs,calc(var(--spacing)*4))] @w-sm\/main:[--thread-content-margin:var(--thread-content-margin-sm,calc(var(--spacing)*6))] @w-lg\/main:[--thread-content-margin:var(--thread-content-margin-lg,calc(var(--spacing)*16))] px-(--thread-content-margin)\">\n<div class=\"[--thread-content-max-width:40rem] @w-lg\/main:[--thread-content-max-width:48rem] mx-auto max-w-(--thread-content-max-width) flex-1 group\/turn-messages focus-visible:outline-hidden relative flex w-full min-w-0 flex-col agent-turn\" tabindex=\"-1\">\n<div class=\"flex max-w-full flex-col gap-4 grow\">\n<div class=\"min-h-8 text-message relative flex w-full flex-col items-end gap-2 text-start break-words whitespace-normal [.text-message+&amp;]:mt-1\" dir=\"auto\" data-message-author-role=\"assistant\" data-message-id=\"877560cc-ad8d-4654-9c94-f05dd8551af4\" data-message-model-slug=\"gpt-5-3\">\n<div class=\"flex w-full flex-col gap-1 empty:hidden\">\n<div class=\"markdown prose dark:prose-invert w-full wrap-break-word dark markdown-new-styling\">\n<p data-start=\"290\" data-end=\"331\"><strong data-start=\"290\" data-end=\"331\">UVELLY Selene \u2013 Espadrilles Elegantes<\/strong><\/p>\n<p data-start=\"333\" data-end=\"578\">Las <strong data-start=\"337\" data-end=\"354\">UVELLY Selene<\/strong> destacan por su dise\u00f1o sofisticado de <strong data-start=\"393\" data-end=\"411\">tiras cruzadas<\/strong> que envuelven el pie y se ajustan delicadamente alrededor del tobillo. Este modelo combina el encanto cl\u00e1sico de las <strong data-start=\"529\" data-end=\"544\">espadrilles<\/strong> con un estilo moderno y femenino.<\/p>\n<p data-start=\"580\" data-end=\"843\">Su <strong data-start=\"583\" data-end=\"619\">suela ligera con acabado natural<\/strong> aporta comodidad y estabilidad al caminar, mientras que el dise\u00f1o abierto permite que el pie respire durante los d\u00edas m\u00e1s c\u00e1lidos. El <strong data-start=\"754\" data-end=\"789\">cierre envolvente en el tobillo<\/strong> a\u00f1ade un toque elegante y asegura un ajuste perfecto.<\/p>\n<p data-start=\"845\" data-end=\"991\">Ideales para combinar con vestidos de verano, faldas o jeans, las <strong data-start=\"911\" data-end=\"928\">UVELLY Selene<\/strong> son el complemento perfecto para un look fresco y sofisticado.<\/p>\n<p data-start=\"993\" data-end=\"1012\"><strong data-start=\"993\" data-end=\"1012\">Caracter\u00edsticas<\/strong><\/p>\n<p data-start=\"1014\" data-end=\"1190\">\u2022 Dise\u00f1o elegante con tiras cruzadas<br data-start=\"1050\" data-end=\"1053\" \/>\u2022 Cierre envolvente alrededor del tobillo<br data-start=\"1094\" data-end=\"1097\" \/>\u2022 Suela estilo espadrille ligera y c\u00f3moda<br data-start=\"1138\" data-end=\"1141\" \/>\u2022 Estilo vers\u00e1til ideal para primavera y verano<\/p>\n<p data-start=\"1192\" data-end=\"1231\" data-is-last-node=\"\" data-is-only-node=\"\"><strong data-start=\"1192\" data-end=\"1214\">Tallas disponibles<\/strong><br data-start=\"1214\" data-end=\"1217\" \/>EU <strong data-start=\"1220\" data-end=\"1231\" data-is-last-node=\"\">36 \u2013 41<\/strong><\/p>\n<\/div>\n<\/div>\n<\/div>\n<\/div>\n<\/div>\n<\/div>\n<\/article>\n<\/div>\n<\/div>\n<\/div>\n<\/div>\n<\/div>\n<\/div>\n<\/div>\n<\/article>\n<\/div>\n<\/div>\n<\/div>\n<\/div>\n<\/div>\n<\/div>\n<\/div>\n<\/article>\n<\/div>\n<\/div>\n","protected":false},"excerpt":{"rendered":"<p data-start=\"112\" data-end=\"257\">Zapatos estilo espadrille con dise\u00f1o de tiras cruzadas y cierre envolvente al tobillo. Un modelo elegante y c\u00f3modo perfecto para looks de verano.<\/p>\n","protected":false},"featured_media":465,"comment_status":"open","ping_status":"closed","template":"","meta":[],"product_brand":[],"product_cat":[44,56,54],"product_tag":[],"class_list":{"0":"post-459","1":"product","2":"type-product","3":"status-publish","4":"has-post-thumbnail","6":"product_cat-coleccion","7":"product_cat-nuevas-llegadas","8":"product_cat-zapatos","10":"first","11":"instock","12":"sale","13":"shipping-taxable","14":"purchasable","15":"product-type-variable"},"_links":{"self":[{"href":"https:\/\/landsourcing.ma\/uvelly\/wp-json\/wp\/v2\/product\/459","targetHints":{"allow":["GET"]}}],"collection":[{"href":"https:\/\/landsourcing.ma\/uvelly\/wp-json\/wp\/v2\/product"}],"about":[{"href":"https:\/\/landsourcing.ma\/uvelly\/wp-json\/wp\/v2\/types\/product"}],"replies":[{"embeddable":true,"href":"https:\/\/landsourcing.ma\/uvelly\/wp-json\/wp\/v2\/comments?post=459"}],"wp:featuredmedia":[{"embeddable":true,"href":"https:\/\/landsourcing.ma\/uvelly\/wp-json\/wp\/v2\/media\/465"}],"wp:attachment":[{"href":"https:\/\/landsourcing.ma\/uvelly\/wp-json\/wp\/v2\/media?parent=459"}],"wp:term":[{"taxonomy":"product_brand","embeddable":true,"href":"https:\/\/landsourcing.ma\/uvelly\/wp-json\/wp\/v2\/product_brand?post=459"},{"taxonomy":"product_cat","embeddable":true,"href":"https:\/\/landsourcing.ma\/uvelly\/wp-json\/wp\/v2\/product_cat?post=459"},{"taxonomy":"product_tag","embeddable":true,"href":"https:\/\/landsourcing.ma\/uvelly\/wp-json\/wp\/v2\/product_tag?post=459"}],"curies":[{"name":"wp","href":"https:\/\/api.w.org\/{rel}","templated":true}]}}