{"id":657,"date":"2026-03-24T06:27:21","date_gmt":"2026-03-24T06:27:21","guid":{"rendered":"https:\/\/landsourcing.ma\/uvelly\/?post_type=product&#038;p=657"},"modified":"2026-03-24T06:29:46","modified_gmt":"2026-03-24T06:29:46","slug":"uvelly-nora","status":"publish","type":"product","link":"https:\/\/landsourcing.ma\/uvelly\/product\/uvelly-nora\/","title":{"rendered":"UVELLY Nora"},"content":{"rendered":"<div class=\"relative basis-auto flex-col -mb-(--composer-overlap-px) [--composer-overlap-px:28px] grow flex\">\n<div class=\"flex flex-col text-sm pb-25\">\n<article class=\"text-token-text-primary w-full focus:outline-none [--shadow-height:45px] has-data-writing-block:pointer-events-none has-data-writing-block:-mt-(--shadow-height) has-data-writing-block:pt-(--shadow-height) [&amp;:has([data-writing-block])&gt;*]:pointer-events-auto scroll-mt-[calc(var(--header-height)+min(200px,max(70px,20svh)))]\" dir=\"auto\" tabindex=\"-1\" data-turn-id=\"request-69b5ea72-2cb4-8332-8c2e-4b2c210924a3-1\" data-testid=\"conversation-turn-8\" data-scroll-anchor=\"true\" data-turn=\"assistant\">\n<div class=\"text-base my-auto mx-auto pb-10 [--thread-content-margin:var(--thread-content-margin-xs,calc(var(--spacing)*4))] @w-sm\/main:[--thread-content-margin:var(--thread-content-margin-sm,calc(var(--spacing)*6))] @w-lg\/main:[--thread-content-margin:var(--thread-content-margin-lg,calc(var(--spacing)*16))] px-(--thread-content-margin)\">\n<div class=\"[--thread-content-max-width:40rem] @w-lg\/main:[--thread-content-max-width:48rem] mx-auto max-w-(--thread-content-max-width) flex-1 group\/turn-messages focus-visible:outline-hidden relative flex w-full min-w-0 flex-col agent-turn\" tabindex=\"-1\">\n<div class=\"flex max-w-full flex-col gap-4 grow\">\n<div class=\"min-h-8 text-message relative flex w-full flex-col items-end gap-2 text-start break-words whitespace-normal [.text-message+&amp;]:mt-1\" dir=\"auto\" data-message-author-role=\"assistant\" data-message-id=\"4506c5a9-05f3-42ee-9de2-301123fe698c\" data-message-model-slug=\"gpt-5-3\">\n<div class=\"flex w-full flex-col gap-1 empty:hidden\">\n<div class=\"markdown prose dark:prose-invert w-full wrap-break-word dark markdown-new-styling\">\n<div class=\"flex flex-col text-sm pb-25\">\n<article class=\"text-token-text-primary w-full focus:outline-none [--shadow-height:45px] has-data-writing-block:pointer-events-none has-data-writing-block:-mt-(--shadow-height) has-data-writing-block:pt-(--shadow-height) [&amp;:has([data-writing-block])&gt;*]:pointer-events-auto scroll-mt-[calc(var(--header-height)+min(200px,max(70px,20svh)))]\" dir=\"auto\" tabindex=\"-1\" data-turn-id=\"request-69b5ea72-2cb4-8332-8c2e-4b2c210924a3-5\" data-testid=\"conversation-turn-16\" data-scroll-anchor=\"true\" data-turn=\"assistant\">\n<div class=\"text-base my-auto mx-auto pb-10 [--thread-content-margin:var(--thread-content-margin-xs,calc(var(--spacing)*4))] @w-sm\/main:[--thread-content-margin:var(--thread-content-margin-sm,calc(var(--spacing)*6))] @w-lg\/main:[--thread-content-margin:var(--thread-content-margin-lg,calc(var(--spacing)*16))] px-(--thread-content-margin)\">\n<div class=\"[--thread-content-max-width:40rem] @w-lg\/main:[--thread-content-max-width:48rem] mx-auto max-w-(--thread-content-max-width) flex-1 group\/turn-messages focus-visible:outline-hidden relative flex w-full min-w-0 flex-col agent-turn\" tabindex=\"-1\">\n<div class=\"flex max-w-full flex-col gap-4 grow\">\n<div class=\"min-h-8 text-message relative flex w-full flex-col items-end gap-2 text-start break-words whitespace-normal [.text-message+&amp;]:mt-1\" dir=\"auto\" data-message-author-role=\"assistant\" data-message-id=\"458317bc-b5ce-48c8-8f53-00101023566c\" data-message-model-slug=\"gpt-5-3\">\n<div class=\"flex w-full flex-col gap-1 empty:hidden\">\n<div class=\"markdown prose dark:prose-invert w-full wrap-break-word dark markdown-new-styling\">\n<div class=\"flex flex-col text-sm pb-25\">\n<section class=\"text-token-text-primary w-full focus:outline-none [--shadow-height:45px] has-data-writing-block:pointer-events-none has-data-writing-block:-mt-(--shadow-height) has-data-writing-block:pt-(--shadow-height) [&amp;:has([data-writing-block])&gt;*]:pointer-events-auto scroll-mt-[calc(var(--header-height)+min(200px,max(70px,20svh)))]\" dir=\"auto\" data-turn-id=\"request-69b5ea72-2cb4-8332-8c2e-4b2c210924a3-5\" data-testid=\"conversation-turn-58\" data-scroll-anchor=\"true\" data-turn=\"assistant\">\n<div class=\"text-base my-auto mx-auto pb-10 [--thread-content-margin:var(--thread-content-margin-xs,calc(var(--spacing)*4))] @w-sm\/main:[--thread-content-margin:var(--thread-content-margin-sm,calc(var(--spacing)*6))] @w-lg\/main:[--thread-content-margin:var(--thread-content-margin-lg,calc(var(--spacing)*16))] px-(--thread-content-margin)\">\n<div class=\"[--thread-content-max-width:40rem] @w-lg\/main:[--thread-content-max-width:48rem] mx-auto max-w-(--thread-content-max-width) flex-1 group\/turn-messages focus-visible:outline-hidden relative flex w-full min-w-0 flex-col agent-turn\">\n<div class=\"flex max-w-full flex-col gap-4 grow\">\n<div class=\"min-h-8 text-message relative flex w-full flex-col items-end gap-2 text-start break-words whitespace-normal outline-none keyboard-focused:focus-ring [.text-message+&amp;]:mt-1\" dir=\"auto\" tabindex=\"0\" data-message-author-role=\"assistant\" data-message-id=\"a117c7f3-0aff-4c57-911d-321e226fa1a5\" data-message-model-slug=\"gpt-5-3\" data-turn-start-message=\"true\">\n<div class=\"flex w-full flex-col gap-1 empty:hidden\">\n<div class=\"markdown prose dark:prose-invert w-full wrap-break-word dark markdown-new-styling\">\n<p data-start=\"270\" data-end=\"305\"><strong data-start=\"270\" data-end=\"305\">UVELLY Nora \u2013 Zapatos Elegantes<\/strong><\/p>\n<p data-start=\"307\" data-end=\"526\">Los <strong data-start=\"311\" data-end=\"326\">UVELLY Nora<\/strong> combinan elegancia y comodidad en un dise\u00f1o sofisticado ideal para cualquier ocasi\u00f3n. Su acabado <strong data-start=\"424\" data-end=\"449\">calado en color negro<\/strong> aporta un toque moderno y ligero, manteniendo un estilo refinado y vers\u00e1til.<\/p>\n<p data-start=\"528\" data-end=\"737\">La <strong data-start=\"531\" data-end=\"561\">punta fina estiliza el pie<\/strong>, mientras que el <strong data-start=\"579\" data-end=\"593\">tac\u00f3n bajo<\/strong> proporciona una altura c\u00f3moda para el uso diario. El <strong data-start=\"647\" data-end=\"679\">cierre ajustable en el tal\u00f3n<\/strong> garantiza un ajuste seguro y estable durante todo el d\u00eda.<\/p>\n<p data-start=\"739\" data-end=\"918\">Perfectos para combinar con looks formales, outfits de oficina o estilos m\u00e1s casuales con un toque elegante, los <strong data-start=\"852\" data-end=\"867\">UVELLY Nora<\/strong> son un b\u00e1sico imprescindible en cualquier armario.<\/p>\n<p data-start=\"920\" data-end=\"939\"><strong data-start=\"920\" data-end=\"939\">Caracter\u00edsticas<\/strong><\/p>\n<p data-start=\"941\" data-end=\"1089\">\u2022 Dise\u00f1o elegante con acabado calado<br data-start=\"977\" data-end=\"980\" \/>\u2022 Punta fina para un look estilizado<br data-start=\"1016\" data-end=\"1019\" \/>\u2022 Tac\u00f3n bajo c\u00f3modo para uso diario<br data-start=\"1054\" data-end=\"1057\" \/>\u2022 Cierre ajustable en el tal\u00f3n<\/p>\n<p data-start=\"1091\" data-end=\"1130\" data-is-last-node=\"\" data-is-only-node=\"\"><strong data-start=\"1091\" data-end=\"1113\">Tallas disponibles<\/strong><br data-start=\"1113\" data-end=\"1116\" \/>EU <strong data-start=\"1119\" data-end=\"1130\" data-is-last-node=\"\">36 \u2013 41<\/strong><\/p>\n<\/div>\n<\/div>\n<\/div>\n<\/div>\n<\/div>\n<\/div>\n<\/section>\n<\/div>\n<\/div>\n<\/div>\n<\/div>\n<\/div>\n<\/div>\n<\/div>\n<\/article>\n<\/div>\n<\/div>\n<\/div>\n<\/div>\n<\/div>\n<\/div>\n<\/div>\n<\/article>\n<\/div>\n<\/div>\n","protected":false},"excerpt":{"rendered":"<p data-start=\"110\" data-end=\"237\">Zapatos negros de tac\u00f3n bajo con dise\u00f1o calado y punta fina. Elegantes, c\u00f3modos y perfectos para el d\u00eda a d\u00eda o looks formales.<\/p>\n","protected":false},"featured_media":664,"comment_status":"open","ping_status":"closed","template":"","meta":[],"product_brand":[],"product_cat":[44,56,54],"product_tag":[],"class_list":{"0":"post-657","1":"product","2":"type-product","3":"status-publish","4":"has-post-thumbnail","6":"product_cat-coleccion","7":"product_cat-nuevas-llegadas","8":"product_cat-zapatos","10":"first","11":"instock","12":"sale","13":"shipping-taxable","14":"purchasable","15":"product-type-variable"},"_links":{"self":[{"href":"https:\/\/landsourcing.ma\/uvelly\/wp-json\/wp\/v2\/product\/657","targetHints":{"allow":["GET"]}}],"collection":[{"href":"https:\/\/landsourcing.ma\/uvelly\/wp-json\/wp\/v2\/product"}],"about":[{"href":"https:\/\/landsourcing.ma\/uvelly\/wp-json\/wp\/v2\/types\/product"}],"replies":[{"embeddable":true,"href":"https:\/\/landsourcing.ma\/uvelly\/wp-json\/wp\/v2\/comments?post=657"}],"wp:featuredmedia":[{"embeddable":true,"href":"https:\/\/landsourcing.ma\/uvelly\/wp-json\/wp\/v2\/media\/664"}],"wp:attachment":[{"href":"https:\/\/landsourcing.ma\/uvelly\/wp-json\/wp\/v2\/media?parent=657"}],"wp:term":[{"taxonomy":"product_brand","embeddable":true,"href":"https:\/\/landsourcing.ma\/uvelly\/wp-json\/wp\/v2\/product_brand?post=657"},{"taxonomy":"product_cat","embeddable":true,"href":"https:\/\/landsourcing.ma\/uvelly\/wp-json\/wp\/v2\/product_cat?post=657"},{"taxonomy":"product_tag","embeddable":true,"href":"https:\/\/landsourcing.ma\/uvelly\/wp-json\/wp\/v2\/product_tag?post=657"}],"curies":[{"name":"wp","href":"https:\/\/api.w.org\/{rel}","templated":true}]}}